{"id":345,"date":"2012-12-28T18:06:08","date_gmt":"2012-12-28T17:06:08","guid":{"rendered":"http:\/\/sudski-prevodilac.rs\/?page_id=345"},"modified":"2016-09-26T12:15:37","modified_gmt":"2016-09-26T11:15:37","slug":"about-us","status":"publish","type":"page","link":"https:\/\/www.sudski-prevodilac.rs\/en\/","title":{"rendered":"Profile"},"content":{"rendered":"<div class=\"naslovi\">Profile<\/div>\n<p><a href=\"http:\/\/www.sudski-prevodilac.rs\/wp-content\/uploads\/2012\/12\/prevodilacki-studio.jpg\"><img decoding=\"async\" loading=\"lazy\" class=\"style= alignright wp-image-587 size-medium\" style=\"border: 3px solid #BA954f; margin-left: 40px; margin-right: 0px;\" src=\"http:\/\/www.sudski-prevodilac.rs\/wp-content\/uploads\/2012\/12\/prevodilacki-studio-300x215.jpg\" alt=\"\" width=\"300\" height=\"215\" srcset=\"https:\/\/www.sudski-prevodilac.rs\/wp-content\/uploads\/2012\/12\/prevodilacki-studio-300x215.jpg 300w, https:\/\/www.sudski-prevodilac.rs\/wp-content\/uploads\/2012\/12\/prevodilacki-studio.jpg 800w\" sizes=\"(max-width: 300px) 100vw, 300px\" \/><\/a><\/p>\n<p style=\"text-align: justify;\">Translation Agency &#8220;Versus&#8221; provides certified business and general document translation services in various areas. Wide experience in professional translating led us to group together in a team of expert translators. In today&#8217;s world of professional association, teamwork is highly valued category of business. Our proficiency translators ensure accurate and high quality translations with strict adherence to delivery schedules. The importance of getting the language right and accuracy of transferring messages and documentation are one of the key components in building your credibility and reputation of your company. Confidentiality is a feature we are pointing out. Count on our absolute discretion and security of your information and intellectual property.<\/p>\n<p style=\"text-align: right;\"><em>Court Translator for English Language, <strong>Tatjana Milanovic<\/strong><\/em><\/p>\n<div class=\"naslovi\">How we work<\/div>\n<p style=\"text-align: justify;\">Certified translation is a translation of a document that is formally verified and can be used as an official document. The court interpreter issues a \u201clegalised\u201d certified translation of documents and guarantees that the translation is identical to the original. It is necessary to submit the original or certified copy of a document in order to obtain the certified translation of it. Court interpreter certifies translation of a document with its signature and seal.<\/p>\n<p style=\"text-align: justify;\">The handover of the documents shall be as agreed between clients and our translation agency in a way that best serves clients\u2019 needs. Documents are generally sent via electronic mail (e-mail) or by fax and delivered to you in the shortest possible time or according to mutual agreement. Other media, such as CDs, memory stick, etc. may be used as well. If you request original translations or certified translations of your documents to be delivered directly to you, Agency Versus has organized a courier service to facilitate your business. Certified translations done by our expert translators will be delivered to your address in a very short time period.<\/p>\n<p>Every translation goes through comprehensive quality control:<\/p>\n<p><img decoding=\"async\" loading=\"lazy\" class=\"aligncenter size-full wp-image-257\" src=\"http:\/\/sudski-prevodilac.rs\/wp-content\/uploads\/2012\/12\/123.jpg\" alt=\"123\" width=\"594\" height=\"150\" srcset=\"https:\/\/www.sudski-prevodilac.rs\/wp-content\/uploads\/2012\/12\/123.jpg 594w, https:\/\/www.sudski-prevodilac.rs\/wp-content\/uploads\/2012\/12\/123-300x75.jpg 300w\" sizes=\"(max-width: 594px) 100vw, 594px\" \/><\/p>\n<ol>\n<li>The first translator provides a draft version of translation,<\/li>\n<li>The second translator controls and delivers the final version,<\/li>\n<li>Court interpreter carries out final review and puts the seal on the certified translation.<\/li>\n<\/ol>\n<div class=\"izdvojeno\">The possibility of error is minimal!<\/div>\n<div class=\"naslovi\">Characteristics<\/div>\n<ul>\n<li>Translation Services from English and into English for a wide range of documentation<\/li>\n<li>Officially verified translations<\/li>\n<li>Extensive experience, commitment to continuous improvement, competitive prices, new translation technologies<\/li>\n<li>Qualified professionals, rigorous document proofreading, work and organisational commitment<\/li>\n<li>Strict adherence to delivery deadlines<\/li>\n<li>The urgency of delivering translation of any kind shall be paid an additional 10 &#8211; 20% on regular prices<\/li>\n<li>The possibility of signing a Confidentiality Agreement on the protection of data that is entrusted to us<\/li>\n<\/ul>\n<div class=\"izdvojeno\">Translation Agency Versus guarantee the security of your data and the quality of provided services!<\/div>\n","protected":false},"excerpt":{"rendered":"<p>Profile Translation Agency &#8220;Versus&#8221; provides certified business and general document translation services in various areas. Wide experience in professional translating led us to group together in a team of expert translators. In today&#8217;s world of professional association, teamwork is highly valued category of business. Our proficiency translators ensure accurate and high quality translations with strict [&hellip;]<\/p>\n","protected":false},"author":1,"featured_media":0,"parent":0,"menu_order":0,"comment_status":"closed","ping_status":"open","template":"","meta":[],"yoast_head":"<!-- This site is optimized with the Yoast SEO plugin v20.13 - https:\/\/yoast.com\/wordpress\/plugins\/seo\/ -->\n<title>Profile - Ovla\u0161\u0107eni sudski tuma\u010d i prevodilac<\/title>\n<meta name=\"robots\" content=\"index, follow, max-snippet:-1, max-image-preview:large, max-video-preview:-1\" \/>\n<link rel=\"canonical\" href=\"https:\/\/www.sudski-prevodilac.rs\/en\/\" \/>\n<meta property=\"og:locale\" content=\"en_US\" \/>\n<meta property=\"og:type\" content=\"article\" \/>\n<meta property=\"og:title\" content=\"Profile - Ovla\u0161\u0107eni sudski tuma\u010d i prevodilac\" \/>\n<meta property=\"og:description\" content=\"Profile Translation Agency &#8220;Versus&#8221; provides certified business and general document translation services in various areas. Wide experience in professional translating led us to group together in a team of expert translators. In today&#8217;s world of professional association, teamwork is highly valued category of business. Our proficiency translators ensure accurate and high quality translations with strict [&hellip;]\" \/>\n<meta property=\"og:url\" content=\"https:\/\/www.sudski-prevodilac.rs\/en\/\" \/>\n<meta property=\"og:site_name\" content=\"Ovla\u0161\u0107eni sudski tuma\u010d i prevodilac\" \/>\n<meta property=\"article:modified_time\" content=\"2016-09-26T11:15:37+00:00\" \/>\n<meta property=\"og:image\" content=\"http:\/\/www.sudski-prevodilac.rs\/wp-content\/uploads\/2012\/12\/prevodilacki-studio-300x215.jpg\" \/>\n<meta name=\"twitter:label1\" content=\"Est. reading time\" \/>\n\t<meta name=\"twitter:data1\" content=\"2 minutes\" \/>\n<script type=\"application\/ld+json\" class=\"yoast-schema-graph\">{\"@context\":\"https:\/\/schema.org\",\"@graph\":[{\"@type\":\"WebPage\",\"@id\":\"https:\/\/www.sudski-prevodilac.rs\/en\/\",\"url\":\"https:\/\/www.sudski-prevodilac.rs\/en\/\",\"name\":\"Profile - Ovla\u0161\u0107eni sudski tuma\u010d i prevodilac\",\"isPartOf\":{\"@id\":\"https:\/\/www.sudski-prevodilac.rs\/#website\"},\"datePublished\":\"2012-12-28T17:06:08+00:00\",\"dateModified\":\"2016-09-26T11:15:37+00:00\",\"breadcrumb\":{\"@id\":\"https:\/\/www.sudski-prevodilac.rs\/en\/#breadcrumb\"},\"inLanguage\":\"en-US\",\"potentialAction\":[{\"@type\":\"ReadAction\",\"target\":[\"https:\/\/www.sudski-prevodilac.rs\/en\/\"]}]},{\"@type\":\"BreadcrumbList\",\"@id\":\"https:\/\/www.sudski-prevodilac.rs\/en\/#breadcrumb\",\"itemListElement\":[{\"@type\":\"ListItem\",\"position\":1,\"name\":\"Home\",\"item\":\"https:\/\/www.sudski-prevodilac.rs\/en\/\"},{\"@type\":\"ListItem\",\"position\":2,\"name\":\"Profile\"}]},{\"@type\":\"WebSite\",\"@id\":\"https:\/\/www.sudski-prevodilac.rs\/#website\",\"url\":\"https:\/\/www.sudski-prevodilac.rs\/\",\"name\":\"Ovla\u0161\u0107eni sudski tuma\u010d i prevodilac\",\"description\":\"Prevodila\u010dki studio - Tatjana S. Milanovi\u0107\",\"potentialAction\":[{\"@type\":\"SearchAction\",\"target\":{\"@type\":\"EntryPoint\",\"urlTemplate\":\"https:\/\/www.sudski-prevodilac.rs\/?s={search_term_string}\"},\"query-input\":\"required name=search_term_string\"}],\"inLanguage\":\"en-US\"}]}<\/script>\n<!-- \/ Yoast SEO plugin. -->","yoast_head_json":{"title":"Profile - Ovla\u0161\u0107eni sudski tuma\u010d i prevodilac","robots":{"index":"index","follow":"follow","max-snippet":"max-snippet:-1","max-image-preview":"max-image-preview:large","max-video-preview":"max-video-preview:-1"},"canonical":"https:\/\/www.sudski-prevodilac.rs\/en\/","og_locale":"en_US","og_type":"article","og_title":"Profile - Ovla\u0161\u0107eni sudski tuma\u010d i prevodilac","og_description":"Profile Translation Agency &#8220;Versus&#8221; provides certified business and general document translation services in various areas. Wide experience in professional translating led us to group together in a team of expert translators. In today&#8217;s world of professional association, teamwork is highly valued category of business. Our proficiency translators ensure accurate and high quality translations with strict [&hellip;]","og_url":"https:\/\/www.sudski-prevodilac.rs\/en\/","og_site_name":"Ovla\u0161\u0107eni sudski tuma\u010d i prevodilac","article_modified_time":"2016-09-26T11:15:37+00:00","og_image":[{"url":"http:\/\/www.sudski-prevodilac.rs\/wp-content\/uploads\/2012\/12\/prevodilacki-studio-300x215.jpg"}],"twitter_misc":{"Est. reading time":"2 minutes"},"schema":{"@context":"https:\/\/schema.org","@graph":[{"@type":"WebPage","@id":"https:\/\/www.sudski-prevodilac.rs\/en\/","url":"https:\/\/www.sudski-prevodilac.rs\/en\/","name":"Profile - Ovla\u0161\u0107eni sudski tuma\u010d i prevodilac","isPartOf":{"@id":"https:\/\/www.sudski-prevodilac.rs\/#website"},"datePublished":"2012-12-28T17:06:08+00:00","dateModified":"2016-09-26T11:15:37+00:00","breadcrumb":{"@id":"https:\/\/www.sudski-prevodilac.rs\/en\/#breadcrumb"},"inLanguage":"en-US","potentialAction":[{"@type":"ReadAction","target":["https:\/\/www.sudski-prevodilac.rs\/en\/"]}]},{"@type":"BreadcrumbList","@id":"https:\/\/www.sudski-prevodilac.rs\/en\/#breadcrumb","itemListElement":[{"@type":"ListItem","position":1,"name":"Home","item":"https:\/\/www.sudski-prevodilac.rs\/en\/"},{"@type":"ListItem","position":2,"name":"Profile"}]},{"@type":"WebSite","@id":"https:\/\/www.sudski-prevodilac.rs\/#website","url":"https:\/\/www.sudski-prevodilac.rs\/","name":"Ovla\u0161\u0107eni sudski tuma\u010d i prevodilac","description":"Prevodila\u010dki studio - Tatjana S. Milanovi\u0107","potentialAction":[{"@type":"SearchAction","target":{"@type":"EntryPoint","urlTemplate":"https:\/\/www.sudski-prevodilac.rs\/?s={search_term_string}"},"query-input":"required name=search_term_string"}],"inLanguage":"en-US"}]}},"_links":{"self":[{"href":"https:\/\/www.sudski-prevodilac.rs\/en\/wp-json\/wp\/v2\/pages\/345"}],"collection":[{"href":"https:\/\/www.sudski-prevodilac.rs\/en\/wp-json\/wp\/v2\/pages"}],"about":[{"href":"https:\/\/www.sudski-prevodilac.rs\/en\/wp-json\/wp\/v2\/types\/page"}],"author":[{"embeddable":true,"href":"https:\/\/www.sudski-prevodilac.rs\/en\/wp-json\/wp\/v2\/users\/1"}],"replies":[{"embeddable":true,"href":"https:\/\/www.sudski-prevodilac.rs\/en\/wp-json\/wp\/v2\/comments?post=345"}],"version-history":[{"count":5,"href":"https:\/\/www.sudski-prevodilac.rs\/en\/wp-json\/wp\/v2\/pages\/345\/revisions"}],"predecessor-version":[{"id":589,"href":"https:\/\/www.sudski-prevodilac.rs\/en\/wp-json\/wp\/v2\/pages\/345\/revisions\/589"}],"wp:attachment":[{"href":"https:\/\/www.sudski-prevodilac.rs\/en\/wp-json\/wp\/v2\/media?parent=345"}],"curies":[{"name":"wp","href":"https:\/\/api.w.org\/{rel}","templated":true}]}}