{"id":360,"date":"2013-01-24T17:44:23","date_gmt":"2013-01-24T16:44:23","guid":{"rendered":"http:\/\/sudski-prevodilac.rs\/?page_id=360"},"modified":"2013-05-07T13:25:06","modified_gmt":"2013-05-07T12:25:06","slug":"fields-of-translation","status":"publish","type":"page","link":"https:\/\/www.sudski-prevodilac.rs\/en\/fields-of-translation\/","title":{"rendered":"Fields of translation"},"content":{"rendered":"<p><img decoding=\"async\" loading=\"lazy\" class=\"alignleft size-full wp-image-277\" style=\"border: 3px solid #ba954f; margin-left: 0px; margin-right: 40px;\" alt=\"prevodilac_pero\" src=\"http:\/\/sudski-prevodilac.rs\/wp-content\/uploads\/2012\/12\/prevodilac_pero.jpg\" width=\"360\" height=\"410\" srcset=\"https:\/\/www.sudski-prevodilac.rs\/wp-content\/uploads\/2012\/12\/prevodilac_pero.jpg 360w, https:\/\/www.sudski-prevodilac.rs\/wp-content\/uploads\/2012\/12\/prevodilac_pero-263x300.jpg 263w\" sizes=\"(max-width: 360px) 100vw, 360px\" \/><\/p>\n<ul>\n<li><strong>Law<\/strong> \u2013 civil, contractual, family, property, constitutional, administrative, criminal, labour, arbitration, interpretation of hearings, securities, normative documents of the European Union, human rights<\/li>\n<li><strong>Banking and Finance<\/strong><\/li>\n<li>Insurance<\/li>\n<li>Economy<\/li>\n<li>Medicine, Pharmacology<\/li>\n<li>Information Technology<\/li>\n<li>Marketing and Trade<\/li>\n<li>Tourism<\/li>\n<li>Corporate Communications<\/li>\n<li>Aerospace Industry<\/li>\n<li>Engineering <\/li>\n<li>Civil Engineering<\/li>\n<li>Architecture<\/li>\n<li>Transport<\/li>\n<li>\u2026<\/li>\n<\/ul>\n<p>&nbsp;<\/p>\n<h2 class=\"naslovi\">Besides English, we provide translations into other languages:<\/h2>\n<p><img decoding=\"async\" loading=\"lazy\" class=\"alignright\"  style=\"margin-left: 50px; margin-top: -20px\" alt=\"zlatni globus\" src=\"http:\/\/www.sudski-prevodilac.rs\/wp-content\/uploads\/2013\/05\/old-globe-versus.jpg\" width=\"206\" height=\"224\" \/><\/p>\n<ul  style=\"margin-top: 42px\">\n<li style=\"list-style-image: url('http:\/\/www.sudski-prevodilac.rs\/wp-content\/plugins\/sitepress-multilingual-cms\/res\/flags\/ru.png'); \">Russian<\/li>\n<li style=\"list-style-image: url('http:\/\/www.sudski-prevodilac.rs\/wp-content\/plugins\/sitepress-multilingual-cms\/res\/flags\/de.png'); \">German<\/li>\n<li style=\"list-style-image: url('http:\/\/www.sudski-prevodilac.rs\/wp-content\/plugins\/sitepress-multilingual-cms\/res\/flags\/fr.png'); \">French<\/li>\n<li style=\"list-style-image: url('http:\/\/www.sudski-prevodilac.rs\/wp-content\/plugins\/sitepress-multilingual-cms\/res\/flags\/it.png'); \">Italian<\/li>\n<li style=\"list-style-image: url('http:\/\/www.sudski-prevodilac.rs\/wp-content\/plugins\/sitepress-multilingual-cms\/res\/flags\/es.png'); \">Spanish<\/li>\n<li style=\"list-style-image: url('http:\/\/www.sudski-prevodilac.rs\/wp-content\/plugins\/sitepress-multilingual-cms\/res\/flags\/gr.png'); \">Greek<\/li>\n<li style=\"list-style-image: url('http:\/\/www.sudski-prevodilac.rs\/wp-content\/plugins\/sitepress-multilingual-cms\/res\/flags\/nl.png'); \">Dutch<\/li>\n<li style=\"list-style-image: url('http:\/\/www.sudski-prevodilac.rs\/wp-content\/plugins\/sitepress-multilingual-cms\/res\/flags\/sv.png'); \">Swedish<\/li>\n<li>and many others\u2026<\/li>\n<\/ul>\n<p>&nbsp;<br \/>\n&nbsp;<\/p>\n","protected":false},"excerpt":{"rendered":"<p>Law \u2013 civil, contractual, family, property, constitutional, administrative, criminal, labour, arbitration, interpretation of hearings, securities, normative documents of the European Union, human rights Banking and Finance Insurance Economy Medicine, Pharmacology Information Technology Marketing and Trade Tourism Corporate Communications Aerospace Industry Engineering Civil Engineering Architecture Transport \u2026 &nbsp; Besides English, we provide translations into other languages: [&hellip;]<\/p>\n","protected":false},"author":1,"featured_media":0,"parent":0,"menu_order":0,"comment_status":"closed","ping_status":"open","template":"","meta":[],"yoast_head":"<!-- This site is optimized with the Yoast SEO plugin v20.13 - https:\/\/yoast.com\/wordpress\/plugins\/seo\/ -->\n<title>Fields of translation - Ovla\u0161\u0107eni sudski tuma\u010d i prevodilac<\/title>\n<meta name=\"robots\" content=\"index, follow, max-snippet:-1, max-image-preview:large, max-video-preview:-1\" \/>\n<link rel=\"canonical\" href=\"https:\/\/www.sudski-prevodilac.rs\/en\/fields-of-translation\/\" \/>\n<meta property=\"og:locale\" content=\"en_US\" \/>\n<meta property=\"og:type\" content=\"article\" \/>\n<meta property=\"og:title\" content=\"Fields of translation - Ovla\u0161\u0107eni sudski tuma\u010d i prevodilac\" \/>\n<meta property=\"og:description\" content=\"Law \u2013 civil, contractual, family, property, constitutional, administrative, criminal, labour, arbitration, interpretation of hearings, securities, normative documents of the European Union, human rights Banking and Finance Insurance Economy Medicine, Pharmacology Information Technology Marketing and Trade Tourism Corporate Communications Aerospace Industry Engineering Civil Engineering Architecture Transport \u2026 &nbsp; Besides English, we provide translations into other languages: [&hellip;]\" \/>\n<meta property=\"og:url\" content=\"https:\/\/www.sudski-prevodilac.rs\/en\/fields-of-translation\/\" \/>\n<meta property=\"og:site_name\" content=\"Ovla\u0161\u0107eni sudski tuma\u010d i prevodilac\" \/>\n<meta property=\"article:modified_time\" content=\"2013-05-07T12:25:06+00:00\" \/>\n<meta property=\"og:image\" content=\"http:\/\/sudski-prevodilac.rs\/wp-content\/uploads\/2012\/12\/prevodilac_pero.jpg\" \/>\n<script type=\"application\/ld+json\" class=\"yoast-schema-graph\">{\"@context\":\"https:\/\/schema.org\",\"@graph\":[{\"@type\":\"WebPage\",\"@id\":\"https:\/\/www.sudski-prevodilac.rs\/en\/fields-of-translation\/\",\"url\":\"https:\/\/www.sudski-prevodilac.rs\/en\/fields-of-translation\/\",\"name\":\"Fields of translation - Ovla\u0161\u0107eni sudski tuma\u010d i prevodilac\",\"isPartOf\":{\"@id\":\"https:\/\/www.sudski-prevodilac.rs\/#website\"},\"datePublished\":\"2013-01-24T16:44:23+00:00\",\"dateModified\":\"2013-05-07T12:25:06+00:00\",\"breadcrumb\":{\"@id\":\"https:\/\/www.sudski-prevodilac.rs\/en\/fields-of-translation\/#breadcrumb\"},\"inLanguage\":\"en-US\",\"potentialAction\":[{\"@type\":\"ReadAction\",\"target\":[\"https:\/\/www.sudski-prevodilac.rs\/en\/fields-of-translation\/\"]}]},{\"@type\":\"BreadcrumbList\",\"@id\":\"https:\/\/www.sudski-prevodilac.rs\/en\/fields-of-translation\/#breadcrumb\",\"itemListElement\":[{\"@type\":\"ListItem\",\"position\":1,\"name\":\"Home\",\"item\":\"https:\/\/www.sudski-prevodilac.rs\/en\/\"},{\"@type\":\"ListItem\",\"position\":2,\"name\":\"Fields of translation\"}]},{\"@type\":\"WebSite\",\"@id\":\"https:\/\/www.sudski-prevodilac.rs\/#website\",\"url\":\"https:\/\/www.sudski-prevodilac.rs\/\",\"name\":\"Ovla\u0161\u0107eni sudski tuma\u010d i prevodilac\",\"description\":\"Prevodila\u010dki studio - Tatjana S. Milanovi\u0107\",\"potentialAction\":[{\"@type\":\"SearchAction\",\"target\":{\"@type\":\"EntryPoint\",\"urlTemplate\":\"https:\/\/www.sudski-prevodilac.rs\/?s={search_term_string}\"},\"query-input\":\"required name=search_term_string\"}],\"inLanguage\":\"en-US\"}]}<\/script>\n<!-- \/ Yoast SEO plugin. -->","yoast_head_json":{"title":"Fields of translation - Ovla\u0161\u0107eni sudski tuma\u010d i prevodilac","robots":{"index":"index","follow":"follow","max-snippet":"max-snippet:-1","max-image-preview":"max-image-preview:large","max-video-preview":"max-video-preview:-1"},"canonical":"https:\/\/www.sudski-prevodilac.rs\/en\/fields-of-translation\/","og_locale":"en_US","og_type":"article","og_title":"Fields of translation - Ovla\u0161\u0107eni sudski tuma\u010d i prevodilac","og_description":"Law \u2013 civil, contractual, family, property, constitutional, administrative, criminal, labour, arbitration, interpretation of hearings, securities, normative documents of the European Union, human rights Banking and Finance Insurance Economy Medicine, Pharmacology Information Technology Marketing and Trade Tourism Corporate Communications Aerospace Industry Engineering Civil Engineering Architecture Transport \u2026 &nbsp; Besides English, we provide translations into other languages: [&hellip;]","og_url":"https:\/\/www.sudski-prevodilac.rs\/en\/fields-of-translation\/","og_site_name":"Ovla\u0161\u0107eni sudski tuma\u010d i prevodilac","article_modified_time":"2013-05-07T12:25:06+00:00","og_image":[{"url":"http:\/\/sudski-prevodilac.rs\/wp-content\/uploads\/2012\/12\/prevodilac_pero.jpg"}],"schema":{"@context":"https:\/\/schema.org","@graph":[{"@type":"WebPage","@id":"https:\/\/www.sudski-prevodilac.rs\/en\/fields-of-translation\/","url":"https:\/\/www.sudski-prevodilac.rs\/en\/fields-of-translation\/","name":"Fields of translation - Ovla\u0161\u0107eni sudski tuma\u010d i prevodilac","isPartOf":{"@id":"https:\/\/www.sudski-prevodilac.rs\/#website"},"datePublished":"2013-01-24T16:44:23+00:00","dateModified":"2013-05-07T12:25:06+00:00","breadcrumb":{"@id":"https:\/\/www.sudski-prevodilac.rs\/en\/fields-of-translation\/#breadcrumb"},"inLanguage":"en-US","potentialAction":[{"@type":"ReadAction","target":["https:\/\/www.sudski-prevodilac.rs\/en\/fields-of-translation\/"]}]},{"@type":"BreadcrumbList","@id":"https:\/\/www.sudski-prevodilac.rs\/en\/fields-of-translation\/#breadcrumb","itemListElement":[{"@type":"ListItem","position":1,"name":"Home","item":"https:\/\/www.sudski-prevodilac.rs\/en\/"},{"@type":"ListItem","position":2,"name":"Fields of translation"}]},{"@type":"WebSite","@id":"https:\/\/www.sudski-prevodilac.rs\/#website","url":"https:\/\/www.sudski-prevodilac.rs\/","name":"Ovla\u0161\u0107eni sudski tuma\u010d i prevodilac","description":"Prevodila\u010dki studio - Tatjana S. Milanovi\u0107","potentialAction":[{"@type":"SearchAction","target":{"@type":"EntryPoint","urlTemplate":"https:\/\/www.sudski-prevodilac.rs\/?s={search_term_string}"},"query-input":"required name=search_term_string"}],"inLanguage":"en-US"}]}},"_links":{"self":[{"href":"https:\/\/www.sudski-prevodilac.rs\/en\/wp-json\/wp\/v2\/pages\/360"}],"collection":[{"href":"https:\/\/www.sudski-prevodilac.rs\/en\/wp-json\/wp\/v2\/pages"}],"about":[{"href":"https:\/\/www.sudski-prevodilac.rs\/en\/wp-json\/wp\/v2\/types\/page"}],"author":[{"embeddable":true,"href":"https:\/\/www.sudski-prevodilac.rs\/en\/wp-json\/wp\/v2\/users\/1"}],"replies":[{"embeddable":true,"href":"https:\/\/www.sudski-prevodilac.rs\/en\/wp-json\/wp\/v2\/comments?post=360"}],"version-history":[{"count":5,"href":"https:\/\/www.sudski-prevodilac.rs\/en\/wp-json\/wp\/v2\/pages\/360\/revisions"}],"predecessor-version":[{"id":539,"href":"https:\/\/www.sudski-prevodilac.rs\/en\/wp-json\/wp\/v2\/pages\/360\/revisions\/539"}],"wp:attachment":[{"href":"https:\/\/www.sudski-prevodilac.rs\/en\/wp-json\/wp\/v2\/media?parent=360"}],"curies":[{"name":"wp","href":"https:\/\/api.w.org\/{rel}","templated":true}]}}