{"id":363,"date":"2012-12-28T18:15:46","date_gmt":"2012-12-28T17:15:46","guid":{"rendered":"http:\/\/sudski-prevodilac.rs\/?page_id=363"},"modified":"2013-12-11T23:42:18","modified_gmt":"2013-12-11T22:42:18","slug":"pricelist","status":"publish","type":"page","link":"https:\/\/www.sudski-prevodilac.rs\/en\/pricelist\/","title":{"rendered":"Pricelist"},"content":{"rendered":"<p>Written translation services are calculated on the basis of one translated page &#8211; 1800 character with spaces (Word Count). <\/p>\n<p>Pricing depends on the following factors :<\/p>\n<ul>\n<li>field of translation<\/li>\n<li>number of pages for translation<\/li>\n<li>formal verification of the translated text (with the court interpreter seal)<\/li>\n<li>timescale \u2013 urgent translations are more expensive<\/li>\n<\/ul>\n<div class=\"naslovi\">Prices:<\/div>\n<table class=\" aligncenter\">\n<tbody>\n<tr>\n<td style=\"text-align: left;\">Translation of general contents<\/td>\n<td><\/td>\n<td><strong>9,00 \u20ac<\/strong><\/td>\n<td style=\"text-align: left;\">per page<\/td>\n<\/tr>\n<tr>\n<td>Translation of texts in the field of law \/ economics \/ medicine \/ technology<\/td>\n<td><\/td>\n<td><strong>10,00 \u20ac<\/strong><\/td>\n<td>per page<\/td>\n<\/tr>\n<tr>\n<td>Certified translation per page (minimum 1 page)<\/td>\n<td><\/td>\n<td><strong>12,00 \u20ac<\/strong><\/td>\n<td>per page<\/td>\n<\/tr>\n<tr>\n<td>Editing \/ proofreading of text<\/td>\n<td><\/td>\n<td><strong>4,50 \u20ac<\/strong><\/td>\n<td>per page<\/td>\n<\/tr>\n<\/tbody>\n<\/table>\n<p><\/p>\n<div class=\"naslovi\">Quantity discounts:<\/div>\n<ul>\n<li>For the text of 30 \u2013 70 pages we offer discount of 5%<\/li>\n<li>For the text of 70 \u2013 100 pages we offer discount of 10%<\/li>\n<li>For the text over 100 pages discount of 15%<\/li>\n<\/ul>\n<div class=\"izdvojeno\">Urgent translations are additionally charged 10 \u2013 20% depending on the timescale given, as it means we often have to rearrange the work schedule of our translators.<\/div>\n","protected":false},"excerpt":{"rendered":"<p>Written translation services are calculated on the basis of one translated page &#8211; 1800 character with spaces (Word Count). Pricing depends on the following factors : field of translation number of pages for translation formal verification of the translated text (with the court interpreter seal) timescale \u2013 urgent translations are more expensive Prices: Translation of [&hellip;]<\/p>\n","protected":false},"author":1,"featured_media":0,"parent":0,"menu_order":0,"comment_status":"closed","ping_status":"open","template":"","meta":[],"yoast_head":"<!-- This site is optimized with the Yoast SEO plugin v20.13 - https:\/\/yoast.com\/wordpress\/plugins\/seo\/ -->\n<title>Pricelist - Ovla\u0161\u0107eni sudski tuma\u010d i prevodilac<\/title>\n<meta name=\"robots\" content=\"index, follow, max-snippet:-1, max-image-preview:large, max-video-preview:-1\" \/>\n<link rel=\"canonical\" href=\"https:\/\/www.sudski-prevodilac.rs\/cene-prevoda-engleski-jezik\/\" \/>\n<meta property=\"og:locale\" content=\"en_US\" \/>\n<meta property=\"og:type\" content=\"article\" \/>\n<meta property=\"og:title\" content=\"Pricelist - Ovla\u0161\u0107eni sudski tuma\u010d i prevodilac\" \/>\n<meta property=\"og:description\" content=\"Written translation services are calculated on the basis of one translated page &#8211; 1800 character with spaces (Word Count). Pricing depends on the following factors : field of translation number of pages for translation formal verification of the translated text (with the court interpreter seal) timescale \u2013 urgent translations are more expensive Prices: Translation of [&hellip;]\" \/>\n<meta property=\"og:url\" content=\"https:\/\/www.sudski-prevodilac.rs\/cene-prevoda-engleski-jezik\/\" \/>\n<meta property=\"og:site_name\" content=\"Ovla\u0161\u0107eni sudski tuma\u010d i prevodilac\" \/>\n<meta property=\"article:modified_time\" content=\"2013-12-11T22:42:18+00:00\" \/>\n<meta name=\"twitter:label1\" content=\"Est. reading time\" \/>\n\t<meta name=\"twitter:data1\" content=\"1 minute\" \/>\n<script type=\"application\/ld+json\" class=\"yoast-schema-graph\">{\"@context\":\"https:\/\/schema.org\",\"@graph\":[{\"@type\":\"WebPage\",\"@id\":\"https:\/\/www.sudski-prevodilac.rs\/cene-prevoda-engleski-jezik\/\",\"url\":\"https:\/\/www.sudski-prevodilac.rs\/cene-prevoda-engleski-jezik\/\",\"name\":\"Pricelist - Ovla\u0161\u0107eni sudski tuma\u010d i prevodilac\",\"isPartOf\":{\"@id\":\"https:\/\/www.sudski-prevodilac.rs\/#website\"},\"datePublished\":\"2012-12-28T17:15:46+00:00\",\"dateModified\":\"2013-12-11T22:42:18+00:00\",\"breadcrumb\":{\"@id\":\"https:\/\/www.sudski-prevodilac.rs\/cene-prevoda-engleski-jezik\/#breadcrumb\"},\"inLanguage\":\"en-US\",\"potentialAction\":[{\"@type\":\"ReadAction\",\"target\":[\"https:\/\/www.sudski-prevodilac.rs\/cene-prevoda-engleski-jezik\/\"]}]},{\"@type\":\"BreadcrumbList\",\"@id\":\"https:\/\/www.sudski-prevodilac.rs\/cene-prevoda-engleski-jezik\/#breadcrumb\",\"itemListElement\":[{\"@type\":\"ListItem\",\"position\":1,\"name\":\"Home\",\"item\":\"https:\/\/www.sudski-prevodilac.rs\/en\/\"},{\"@type\":\"ListItem\",\"position\":2,\"name\":\"Pricelist\"}]},{\"@type\":\"WebSite\",\"@id\":\"https:\/\/www.sudski-prevodilac.rs\/#website\",\"url\":\"https:\/\/www.sudski-prevodilac.rs\/\",\"name\":\"Ovla\u0161\u0107eni sudski tuma\u010d i prevodilac\",\"description\":\"Prevodila\u010dki studio - Tatjana S. Milanovi\u0107\",\"potentialAction\":[{\"@type\":\"SearchAction\",\"target\":{\"@type\":\"EntryPoint\",\"urlTemplate\":\"https:\/\/www.sudski-prevodilac.rs\/?s={search_term_string}\"},\"query-input\":\"required name=search_term_string\"}],\"inLanguage\":\"en-US\"}]}<\/script>\n<!-- \/ Yoast SEO plugin. -->","yoast_head_json":{"title":"Pricelist - Ovla\u0161\u0107eni sudski tuma\u010d i prevodilac","robots":{"index":"index","follow":"follow","max-snippet":"max-snippet:-1","max-image-preview":"max-image-preview:large","max-video-preview":"max-video-preview:-1"},"canonical":"https:\/\/www.sudski-prevodilac.rs\/cene-prevoda-engleski-jezik\/","og_locale":"en_US","og_type":"article","og_title":"Pricelist - Ovla\u0161\u0107eni sudski tuma\u010d i prevodilac","og_description":"Written translation services are calculated on the basis of one translated page &#8211; 1800 character with spaces (Word Count). Pricing depends on the following factors : field of translation number of pages for translation formal verification of the translated text (with the court interpreter seal) timescale \u2013 urgent translations are more expensive Prices: Translation of [&hellip;]","og_url":"https:\/\/www.sudski-prevodilac.rs\/cene-prevoda-engleski-jezik\/","og_site_name":"Ovla\u0161\u0107eni sudski tuma\u010d i prevodilac","article_modified_time":"2013-12-11T22:42:18+00:00","twitter_misc":{"Est. reading time":"1 minute"},"schema":{"@context":"https:\/\/schema.org","@graph":[{"@type":"WebPage","@id":"https:\/\/www.sudski-prevodilac.rs\/cene-prevoda-engleski-jezik\/","url":"https:\/\/www.sudski-prevodilac.rs\/cene-prevoda-engleski-jezik\/","name":"Pricelist - Ovla\u0161\u0107eni sudski tuma\u010d i prevodilac","isPartOf":{"@id":"https:\/\/www.sudski-prevodilac.rs\/#website"},"datePublished":"2012-12-28T17:15:46+00:00","dateModified":"2013-12-11T22:42:18+00:00","breadcrumb":{"@id":"https:\/\/www.sudski-prevodilac.rs\/cene-prevoda-engleski-jezik\/#breadcrumb"},"inLanguage":"en-US","potentialAction":[{"@type":"ReadAction","target":["https:\/\/www.sudski-prevodilac.rs\/cene-prevoda-engleski-jezik\/"]}]},{"@type":"BreadcrumbList","@id":"https:\/\/www.sudski-prevodilac.rs\/cene-prevoda-engleski-jezik\/#breadcrumb","itemListElement":[{"@type":"ListItem","position":1,"name":"Home","item":"https:\/\/www.sudski-prevodilac.rs\/en\/"},{"@type":"ListItem","position":2,"name":"Pricelist"}]},{"@type":"WebSite","@id":"https:\/\/www.sudski-prevodilac.rs\/#website","url":"https:\/\/www.sudski-prevodilac.rs\/","name":"Ovla\u0161\u0107eni sudski tuma\u010d i prevodilac","description":"Prevodila\u010dki studio - Tatjana S. Milanovi\u0107","potentialAction":[{"@type":"SearchAction","target":{"@type":"EntryPoint","urlTemplate":"https:\/\/www.sudski-prevodilac.rs\/?s={search_term_string}"},"query-input":"required name=search_term_string"}],"inLanguage":"en-US"}]}},"_links":{"self":[{"href":"https:\/\/www.sudski-prevodilac.rs\/en\/wp-json\/wp\/v2\/pages\/363"}],"collection":[{"href":"https:\/\/www.sudski-prevodilac.rs\/en\/wp-json\/wp\/v2\/pages"}],"about":[{"href":"https:\/\/www.sudski-prevodilac.rs\/en\/wp-json\/wp\/v2\/types\/page"}],"author":[{"embeddable":true,"href":"https:\/\/www.sudski-prevodilac.rs\/en\/wp-json\/wp\/v2\/users\/1"}],"replies":[{"embeddable":true,"href":"https:\/\/www.sudski-prevodilac.rs\/en\/wp-json\/wp\/v2\/comments?post=363"}],"version-history":[{"count":5,"href":"https:\/\/www.sudski-prevodilac.rs\/en\/wp-json\/wp\/v2\/pages\/363\/revisions"}],"predecessor-version":[{"id":576,"href":"https:\/\/www.sudski-prevodilac.rs\/en\/wp-json\/wp\/v2\/pages\/363\/revisions\/576"}],"wp:attachment":[{"href":"https:\/\/www.sudski-prevodilac.rs\/en\/wp-json\/wp\/v2\/media?parent=363"}],"curies":[{"name":"wp","href":"https:\/\/api.w.org\/{rel}","templated":true}]}}